{"id":1374,"date":"2025-03-25T10:11:34","date_gmt":"2025-03-25T09:11:34","guid":{"rendered":"https:\/\/newsite.360rentals.it\/proprietaires\/"},"modified":"2025-04-04T22:44:07","modified_gmt":"2025-04-04T21:44:07","slug":"proprietaires","status":"publish","type":"page","link":"https:\/\/360rentals.it\/fr\/proprietaires\/","title":{"rendered":"Propri\u00e9taires"},"content":{"rendered":"\t\t<div data-elementor-type=\"wp-page\" data-elementor-id=\"1374\" class=\"elementor elementor-1374 elementor-884\" data-elementor-post-type=\"page\">\n\t\t\t\t<div class=\"elementor-element elementor-element-78956c70 e-flex e-con-boxed e-con e-parent\" data-id=\"78956c70\" data-element_type=\"container\" data-settings=\"{&quot;background_background&quot;:&quot;classic&quot;,&quot;background_motion_fx_motion_fx_scrolling&quot;:&quot;yes&quot;,&quot;background_motion_fx_translateY_effect&quot;:&quot;yes&quot;,&quot;background_motion_fx_translateY_speed&quot;:{&quot;unit&quot;:&quot;px&quot;,&quot;size&quot;:1,&quot;sizes&quot;:[]},&quot;background_motion_fx_translateY_affectedRange&quot;:{&quot;unit&quot;:&quot;%&quot;,&quot;size&quot;:&quot;&quot;,&quot;sizes&quot;:{&quot;start&quot;:0,&quot;end&quot;:100}},&quot;background_motion_fx_devices&quot;:[&quot;desktop&quot;,&quot;tablet&quot;,&quot;mobile&quot;]}\">\n\t\t\t\t\t<div class=\"e-con-inner\">\n\t\t\t\t<div class=\"elementor-element elementor-element-73bb4de elementor-invisible elementor-widget elementor-widget-heading\" data-id=\"73bb4de\" data-element_type=\"widget\" data-settings=\"{&quot;_animation&quot;:&quot;fadeInUp&quot;}\" data-widget_type=\"heading.default\">\n\t\t\t\t<div class=\"elementor-widget-container\">\n\t\t\t\t\t<h1 class=\"elementor-heading-title elementor-size-default\">Pour les propri\u00e9taires<\/h1>\t\t\t\t<\/div>\n\t\t\t\t<\/div>\n\t\t\t\t<div class=\"elementor-element elementor-element-70aecf73 elementor-widget__width-auto elementor-invisible elementor-widget elementor-widget-heading\" data-id=\"70aecf73\" data-element_type=\"widget\" data-settings=\"{&quot;_animation&quot;:&quot;fadeIn&quot;,&quot;_animation_delay&quot;:300}\" data-widget_type=\"heading.default\">\n\t\t\t\t<div class=\"elementor-widget-container\">\n\t\t\t\t\t<h6 class=\"elementor-heading-title elementor-size-default\">Opportunit\u00e9s pour une location touristique<\/h6>\t\t\t\t<\/div>\n\t\t\t\t<\/div>\n\t\t\t\t\t<\/div>\n\t\t\t\t<\/div>\n\t\t<div class=\"elementor-element elementor-element-555d74c8 e-con-full e-flex e-con e-parent\" data-id=\"555d74c8\" data-element_type=\"container\" data-settings=\"{&quot;background_background&quot;:&quot;classic&quot;,&quot;background_motion_fx_motion_fx_scrolling&quot;:&quot;yes&quot;,&quot;background_motion_fx_translateY_effect&quot;:&quot;yes&quot;,&quot;background_motion_fx_translateY_speed&quot;:{&quot;unit&quot;:&quot;px&quot;,&quot;size&quot;:5,&quot;sizes&quot;:[]},&quot;background_motion_fx_translateY_affectedRange&quot;:{&quot;unit&quot;:&quot;%&quot;,&quot;size&quot;:&quot;&quot;,&quot;sizes&quot;:{&quot;start&quot;:0,&quot;end&quot;:100}},&quot;background_motion_fx_devices&quot;:[&quot;desktop&quot;,&quot;tablet&quot;,&quot;mobile&quot;]}\">\n\t\t\t\t<div class=\"elementor-element elementor-element-467054b elementor-widget elementor-widget-text-editor\" data-id=\"467054b\" data-element_type=\"widget\" data-widget_type=\"text-editor.default\">\n\t\t\t\t<div class=\"elementor-widget-container\">\n\t\t\t\t\t\t\t\t\t<p>Le secteur du tourisme a cr\u00e9\u00e9 de <strong>nouvelles opportunit\u00e9s<\/strong> dans l&rsquo;hospitalit\u00e9 extra-h\u00f4teli\u00e8re, mais il y a aussi de nombreuses nouveaut\u00e9s r\u00e9glementaires \u00e0 \u00e9valuer, cr\u00e9ant diff\u00e9rents sc\u00e9narios possibles : un retour \u00e0 la location classique \u00e0 des particuliers, une location \u00e0 des entreprises du secteur, ou la possibilit\u00e9 d&rsquo;<strong>\u00eatre entrepreneur<\/strong> de soi-m\u00eame.<\/p>\t\t\t\t\t\t\t\t<\/div>\n\t\t\t\t<\/div>\n\t\t\t\t<\/div>\n\t\t<div class=\"elementor-element elementor-element-631a18e1 e-con-full e-flex e-con e-parent\" data-id=\"631a18e1\" data-element_type=\"container\">\n\t\t<div class=\"elementor-element elementor-element-1b0dad06 e-con-full e-flex e-con e-child\" data-id=\"1b0dad06\" data-element_type=\"container\" data-settings=\"{&quot;background_background&quot;:&quot;classic&quot;,&quot;background_motion_fx_motion_fx_scrolling&quot;:&quot;yes&quot;,&quot;background_motion_fx_translateX_effect&quot;:&quot;yes&quot;,&quot;background_motion_fx_translateX_speed&quot;:{&quot;unit&quot;:&quot;px&quot;,&quot;size&quot;:2,&quot;sizes&quot;:[]},&quot;background_motion_fx_translateX_affectedRange&quot;:{&quot;unit&quot;:&quot;%&quot;,&quot;size&quot;:&quot;&quot;,&quot;sizes&quot;:{&quot;start&quot;:0,&quot;end&quot;:100}},&quot;background_motion_fx_devices&quot;:[&quot;desktop&quot;,&quot;tablet&quot;,&quot;mobile&quot;]}\">\n\t\t\t\t<\/div>\n\t\t<div class=\"elementor-element elementor-element-54de25bf e-con-full e-flex e-con e-child\" data-id=\"54de25bf\" data-element_type=\"container\">\n\t\t\t\t<div class=\"elementor-element elementor-element-334138f3 elementor-widget elementor-widget-icon-box\" data-id=\"334138f3\" data-element_type=\"widget\" data-widget_type=\"icon-box.default\">\n\t\t\t\t<div class=\"elementor-widget-container\">\n\t\t\t\t\t\t\t<div class=\"elementor-icon-box-wrapper\">\n\n\t\t\t\n\t\t\t\t\t\t<div class=\"elementor-icon-box-content\">\n\n\t\t\t\t\t\t\t\t\t<h3 class=\"elementor-icon-box-title\">\n\t\t\t\t\t\t<span  >\n\t\t\t\t\t\t\t<b>360 Rentals<\/b> vous aidera \u00e0 prendre la <b>bonne d\u00e9cision<\/b> en fonction de vos besoins en vous <b>guidant \u00e9tape par \u00e9tape<\/b> pour y parvenir.\t\t\t\t\t\t<\/span>\n\t\t\t\t\t<\/h3>\n\t\t\t\t\n\t\t\t\t\n\t\t\t<\/div>\n\t\t\t\n\t\t<\/div>\n\t\t\t\t\t\t<\/div>\n\t\t\t\t<\/div>\n\t\t\t\t<\/div>\n\t\t\t\t<\/div>\n\t\t<div class=\"elementor-element elementor-element-8589cd8 e-con-full e-flex e-con e-parent\" data-id=\"8589cd8\" data-element_type=\"container\">\n\t\t<div class=\"elementor-element elementor-element-2def21ec e-con-full e-flex e-con e-child\" data-id=\"2def21ec\" data-element_type=\"container\">\n\t\t\t\t<div class=\"elementor-element elementor-element-94ad837 elementor-invisible elementor-widget elementor-widget-heading\" data-id=\"94ad837\" data-element_type=\"widget\" data-settings=\"{&quot;_animation&quot;:&quot;fadeIn&quot;}\" data-widget_type=\"heading.default\">\n\t\t\t\t<div class=\"elementor-widget-container\">\n\t\t\t\t\t<h6 class=\"elementor-heading-title elementor-size-default\">Services et savoir-faire<\/h6>\t\t\t\t<\/div>\n\t\t\t\t<\/div>\n\t\t\t\t<div class=\"elementor-element elementor-element-5c4b98e3 elementor-invisible elementor-widget elementor-widget-heading\" data-id=\"5c4b98e3\" data-element_type=\"widget\" data-settings=\"{&quot;_animation&quot;:&quot;fadeIn&quot;,&quot;_animation_delay&quot;:300}\" data-widget_type=\"heading.default\">\n\t\t\t\t<div class=\"elementor-widget-container\">\n\t\t\t\t\t<h2 class=\"elementor-heading-title elementor-size-default\">Ce que nous offrons<\/h2>\t\t\t\t<\/div>\n\t\t\t\t<\/div>\n\t\t\t\t<div class=\"elementor-element elementor-element-243b5cfb elementor-invisible elementor-widget elementor-widget-text-editor\" data-id=\"243b5cfb\" data-element_type=\"widget\" data-settings=\"{&quot;_animation&quot;:&quot;fadeIn&quot;,&quot;_animation_delay&quot;:650}\" data-widget_type=\"text-editor.default\">\n\t\t\t\t<div class=\"elementor-widget-container\">\n\t\t\t\t\t\t\t\t\t<p>Nous offrons une <strong>consultation et une formation personnalis\u00e9es<\/strong> pour les propri\u00e9taires ou les petits entrepreneurs qui souhaitent d\u00e9marrer une structure ou optimiser son potentiel.<br><br>Nous vous guiderons sur les meilleurs portails et les gestionnaires de canaux \u00e0 utiliser.<\/p>\t\t\t\t\t\t\t\t<\/div>\n\t\t\t\t<\/div>\n\t\t\t\t<div class=\"elementor-element elementor-element-1893ad2 elementor-invisible elementor-widget elementor-widget-heading\" data-id=\"1893ad2\" data-element_type=\"widget\" data-settings=\"{&quot;_animation&quot;:&quot;fadeIn&quot;,&quot;_animation_delay&quot;:300}\" data-widget_type=\"heading.default\">\n\t\t\t\t<div class=\"elementor-widget-container\">\n\t\t\t\t\t<h3 class=\"elementor-heading-title elementor-size-default\">Pourquoi nous faire confiance?<\/h3>\t\t\t\t<\/div>\n\t\t\t\t<\/div>\n\t\t\t\t<div class=\"elementor-element elementor-element-aadd13a elementor-invisible elementor-widget elementor-widget-text-editor\" data-id=\"aadd13a\" data-element_type=\"widget\" data-settings=\"{&quot;_animation&quot;:&quot;fadeIn&quot;,&quot;_animation_delay&quot;:650}\" data-widget_type=\"text-editor.default\">\n\t\t\t\t<div class=\"elementor-widget-container\">\n\t\t\t\t\t\t\t\t\t<b>Nous sommes des experts en gestion des revenus<\/b>, donc nous exploitons le potentiel de votre propri\u00e9t\u00e9 au maximum, toujours, et nous disposons d&rsquo;un groupe de professionnels pour maintenir <b>votre structure dans les meilleures conditions<\/b>.\t\t\t\t\t\t\t\t<\/div>\n\t\t\t\t<\/div>\n\t\t\t\t<\/div>\n\t\t<div class=\"elementor-element elementor-element-36dcbada e-con-full e-flex e-con e-child\" data-id=\"36dcbada\" data-element_type=\"container\">\n\t\t\t\t<div class=\"elementor-element elementor-element-4d312929 elementor-widget__width-initial animated-slow elementor-invisible elementor-widget elementor-widget-image\" data-id=\"4d312929\" data-element_type=\"widget\" data-settings=\"{&quot;_animation&quot;:&quot;fadeInDown&quot;}\" data-widget_type=\"image.default\">\n\t\t\t\t<div class=\"elementor-widget-container\">\n\t\t\t\t\t\t\t\t\t\t\t\t\t\t\t<img fetchpriority=\"high\" fetchpriority=\"high\" decoding=\"async\" width=\"2329\" height=\"1536\" src=\"https:\/\/360rentals.it\/wp-content\/uploads\/2025\/03\/san_jacopo_deluxe_19.webp\" class=\"attachment-full size-full wp-image-1179\" alt=\"\" srcset=\"https:\/\/360rentals.it\/wp-content\/uploads\/2025\/03\/san_jacopo_deluxe_19.webp 2329w, https:\/\/360rentals.it\/wp-content\/uploads\/2025\/03\/san_jacopo_deluxe_19-300x198.webp 300w, https:\/\/360rentals.it\/wp-content\/uploads\/2025\/03\/san_jacopo_deluxe_19-1024x675.webp 1024w, https:\/\/360rentals.it\/wp-content\/uploads\/2025\/03\/san_jacopo_deluxe_19-768x507.webp 768w, https:\/\/360rentals.it\/wp-content\/uploads\/2025\/03\/san_jacopo_deluxe_19-1536x1013.webp 1536w, https:\/\/360rentals.it\/wp-content\/uploads\/2025\/03\/san_jacopo_deluxe_19-2048x1351.webp 2048w\" sizes=\"(max-width: 2329px) 100vw, 2329px\" \/>\t\t\t\t\t\t\t\t\t\t\t\t\t\t\t<\/div>\n\t\t\t\t<\/div>\n\t\t\t\t<div class=\"elementor-element elementor-element-72a3495d elementor-widget__width-initial elementor-widget-mobile__width-initial animated-slow elementor-invisible elementor-widget elementor-widget-image\" data-id=\"72a3495d\" data-element_type=\"widget\" data-settings=\"{&quot;_animation&quot;:&quot;fadeInRight&quot;}\" data-widget_type=\"image.default\">\n\t\t\t\t<div class=\"elementor-widget-container\">\n\t\t\t\t\t\t\t\t\t\t\t\t\t\t\t<img decoding=\"async\" width=\"1920\" height=\"1293\" src=\"https:\/\/360rentals.it\/wp-content\/uploads\/2025\/03\/horseman-7296229_1920.webp\" class=\"attachment-full size-full wp-image-1111\" alt=\"\" srcset=\"https:\/\/360rentals.it\/wp-content\/uploads\/2025\/03\/horseman-7296229_1920.webp 1920w, https:\/\/360rentals.it\/wp-content\/uploads\/2025\/03\/horseman-7296229_1920-300x202.webp 300w, https:\/\/360rentals.it\/wp-content\/uploads\/2025\/03\/horseman-7296229_1920-1024x690.webp 1024w, https:\/\/360rentals.it\/wp-content\/uploads\/2025\/03\/horseman-7296229_1920-768x517.webp 768w, https:\/\/360rentals.it\/wp-content\/uploads\/2025\/03\/horseman-7296229_1920-1536x1034.webp 1536w\" sizes=\"(max-width: 1920px) 100vw, 1920px\" \/>\t\t\t\t\t\t\t\t\t\t\t\t\t\t\t<\/div>\n\t\t\t\t<\/div>\n\t\t\t\t<\/div>\n\t\t\t\t<\/div>\n\t\t\t\t<\/div>\n\t\t","protected":false},"excerpt":{"rendered":"<p>Pour les propri\u00e9taires Opportunit\u00e9s pour une location touristique Le secteur du tourisme a cr\u00e9\u00e9 de nouvelles opportunit\u00e9s dans l&rsquo;hospitalit\u00e9 extra-h\u00f4teli\u00e8re, mais il y a aussi de nombreuses nouveaut\u00e9s r\u00e9glementaires \u00e0 \u00e9valuer, cr\u00e9ant diff\u00e9rents sc\u00e9narios possibles : un retour \u00e0 la location classique \u00e0 des particuliers, une location \u00e0 des entreprises du secteur, ou la possibilit\u00e9 [&hellip;]<\/p>\n","protected":false},"author":1,"featured_media":0,"parent":0,"menu_order":0,"comment_status":"closed","ping_status":"closed","template":"elementor_header_footer","meta":{"inline_featured_image":false,"footnotes":""},"class_list":["post-1374","page","type-page","status-publish","hentry"],"_links":{"self":[{"href":"https:\/\/360rentals.it\/fr\/wp-json\/wp\/v2\/pages\/1374","targetHints":{"allow":["GET"]}}],"collection":[{"href":"https:\/\/360rentals.it\/fr\/wp-json\/wp\/v2\/pages"}],"about":[{"href":"https:\/\/360rentals.it\/fr\/wp-json\/wp\/v2\/types\/page"}],"author":[{"embeddable":true,"href":"https:\/\/360rentals.it\/fr\/wp-json\/wp\/v2\/users\/1"}],"replies":[{"embeddable":true,"href":"https:\/\/360rentals.it\/fr\/wp-json\/wp\/v2\/comments?post=1374"}],"version-history":[{"count":1,"href":"https:\/\/360rentals.it\/fr\/wp-json\/wp\/v2\/pages\/1374\/revisions"}],"predecessor-version":[{"id":1375,"href":"https:\/\/360rentals.it\/fr\/wp-json\/wp\/v2\/pages\/1374\/revisions\/1375"}],"wp:attachment":[{"href":"https:\/\/360rentals.it\/fr\/wp-json\/wp\/v2\/media?parent=1374"}],"curies":[{"name":"wp","href":"https:\/\/api.w.org\/{rel}","templated":true}]}}