{"id":1365,"date":"2024-03-05T10:50:35","date_gmt":"2024-03-05T09:50:35","guid":{"rendered":"https:\/\/newsite.360rentals.it\/acerca-de\/"},"modified":"2025-04-04T22:31:24","modified_gmt":"2025-04-04T21:31:24","slug":"acerca-de","status":"publish","type":"page","link":"https:\/\/360rentals.it\/es\/acerca-de\/","title":{"rendered":"Acerca de"},"content":{"rendered":"\t\t<div data-elementor-type=\"wp-page\" data-elementor-id=\"1365\" class=\"elementor elementor-1365 elementor-42\" data-elementor-post-type=\"page\">\n\t\t\t\t<div class=\"elementor-element elementor-element-7e1c8640 e-con-full e-flex e-con e-parent\" data-id=\"7e1c8640\" data-element_type=\"container\">\n\t\t<div class=\"elementor-element elementor-element-595d6c92 e-con-full e-flex elementor-invisible e-con e-child\" data-id=\"595d6c92\" data-element_type=\"container\" data-settings=\"{&quot;background_background&quot;:&quot;classic&quot;,&quot;animation&quot;:&quot;slideInLeft&quot;}\">\n\t\t\t\t<\/div>\n\t\t<div class=\"elementor-element elementor-element-1a97f4b9 e-con-full e-flex e-con e-child\" data-id=\"1a97f4b9\" data-element_type=\"container\">\n\t\t<div class=\"elementor-element elementor-element-33b907f e-flex e-con-boxed e-con e-child\" data-id=\"33b907f\" data-element_type=\"container\">\n\t\t\t\t\t<div class=\"e-con-inner\">\n\t\t\t\t<div class=\"elementor-element elementor-element-1a8bc6d7 animated-slow elementor-invisible elementor-widget elementor-widget-heading\" data-id=\"1a8bc6d7\" data-element_type=\"widget\" data-settings=\"{&quot;_animation&quot;:&quot;fadeInLeft&quot;,&quot;_animation_delay&quot;:600}\" data-widget_type=\"heading.default\">\n\t\t\t\t<div class=\"elementor-widget-container\">\n\t\t\t\t\t<h1 class=\"elementor-heading-title elementor-size-default\">Experiencias Aut\u00e9nticas<\/h1>\t\t\t\t<\/div>\n\t\t\t\t<\/div>\n\t\t\t\t<div class=\"elementor-element elementor-element-47f9f148 elementor-invisible elementor-widget elementor-widget-heading\" data-id=\"47f9f148\" data-element_type=\"widget\" data-settings=\"{&quot;_animation&quot;:&quot;fadeInDown&quot;,&quot;_animation_delay&quot;:1400}\" data-widget_type=\"heading.default\">\n\t\t\t\t<div class=\"elementor-widget-container\">\n\t\t\t\t\t<h2 class=\"elementor-heading-title elementor-size-default\">Desde hace m\u00e1s de 10 a\u00f1os<\/h2>\t\t\t\t<\/div>\n\t\t\t\t<\/div>\n\t\t\t\t\t<\/div>\n\t\t\t\t<\/div>\n\t\t<div class=\"elementor-element elementor-element-6a9990f3 e-flex e-con-boxed elementor-invisible e-con e-child\" data-id=\"6a9990f3\" data-element_type=\"container\" data-settings=\"{&quot;motion_fx_motion_fx_scrolling&quot;:&quot;yes&quot;,&quot;motion_fx_translateY_effect&quot;:&quot;yes&quot;,&quot;motion_fx_translateY_speed&quot;:{&quot;unit&quot;:&quot;px&quot;,&quot;size&quot;:2,&quot;sizes&quot;:[]},&quot;animation&quot;:&quot;fadeIn&quot;,&quot;animation_delay&quot;:2000,&quot;motion_fx_translateY_affectedRange&quot;:{&quot;unit&quot;:&quot;%&quot;,&quot;size&quot;:&quot;&quot;,&quot;sizes&quot;:{&quot;start&quot;:0,&quot;end&quot;:100}},&quot;motion_fx_devices&quot;:[&quot;desktop&quot;,&quot;tablet&quot;,&quot;mobile&quot;]}\">\n\t\t\t\t\t<div class=\"e-con-inner\">\n\t\t\t\t<div class=\"elementor-element elementor-element-34dc5f77 elementor-widget-mobile__width-initial animated-slow elementor-widget elementor-widget-image\" data-id=\"34dc5f77\" data-element_type=\"widget\" data-settings=\"{&quot;motion_fx_motion_fx_scrolling&quot;:&quot;yes&quot;,&quot;motion_fx_translateY_effect&quot;:&quot;yes&quot;,&quot;motion_fx_translateY_direction&quot;:&quot;negative&quot;,&quot;motion_fx_translateY_speed&quot;:{&quot;unit&quot;:&quot;px&quot;,&quot;size&quot;:1.5,&quot;sizes&quot;:[]},&quot;_animation&quot;:&quot;none&quot;,&quot;motion_fx_translateY_affectedRange&quot;:{&quot;unit&quot;:&quot;%&quot;,&quot;size&quot;:&quot;&quot;,&quot;sizes&quot;:{&quot;start&quot;:0,&quot;end&quot;:100}},&quot;motion_fx_devices&quot;:[&quot;desktop&quot;,&quot;tablet&quot;,&quot;mobile&quot;]}\" data-widget_type=\"image.default\">\n\t\t\t\t<div class=\"elementor-widget-container\">\n\t\t\t\t\t\t\t\t\t\t\t\t\t\t\t<img fetchpriority=\"high\" fetchpriority=\"high\" decoding=\"async\" width=\"1200\" height=\"800\" src=\"https:\/\/360rentals.it\/wp-content\/uploads\/2025\/03\/Calcio_Storico_Corteo.webp\" class=\"attachment-full size-full wp-image-1105\" alt=\"\" srcset=\"https:\/\/360rentals.it\/wp-content\/uploads\/2025\/03\/Calcio_Storico_Corteo.webp 1200w, https:\/\/360rentals.it\/wp-content\/uploads\/2025\/03\/Calcio_Storico_Corteo-300x200.webp 300w, https:\/\/360rentals.it\/wp-content\/uploads\/2025\/03\/Calcio_Storico_Corteo-1024x683.webp 1024w, https:\/\/360rentals.it\/wp-content\/uploads\/2025\/03\/Calcio_Storico_Corteo-768x512.webp 768w\" sizes=\"(max-width: 1200px) 100vw, 1200px\" \/>\t\t\t\t\t\t\t\t\t\t\t\t\t\t\t<\/div>\n\t\t\t\t<\/div>\n\t\t\t\t<div class=\"elementor-element elementor-element-773be5e1 animated-slow elementor-widget-mobile__width-initial elementor-widget elementor-widget-image\" data-id=\"773be5e1\" data-element_type=\"widget\" data-settings=\"{&quot;_animation&quot;:&quot;none&quot;,&quot;motion_fx_motion_fx_scrolling&quot;:&quot;yes&quot;,&quot;motion_fx_translateY_effect&quot;:&quot;yes&quot;,&quot;motion_fx_translateY_speed&quot;:{&quot;unit&quot;:&quot;px&quot;,&quot;size&quot;:1,&quot;sizes&quot;:[]},&quot;motion_fx_translateY_affectedRange&quot;:{&quot;unit&quot;:&quot;%&quot;,&quot;size&quot;:&quot;&quot;,&quot;sizes&quot;:{&quot;start&quot;:0,&quot;end&quot;:100}},&quot;motion_fx_devices&quot;:[&quot;desktop&quot;,&quot;tablet&quot;,&quot;mobile&quot;]}\" data-widget_type=\"image.default\">\n\t\t\t\t<div class=\"elementor-widget-container\">\n\t\t\t\t\t\t\t\t\t\t\t\t\t\t\t<img loading=\"lazy\" decoding=\"async\" width=\"853\" height=\"1280\" src=\"https:\/\/360rentals.it\/wp-content\/uploads\/2025\/03\/florence-2976607_1280.webp\" class=\"attachment-full size-full wp-image-1265\" alt=\"\" srcset=\"https:\/\/360rentals.it\/wp-content\/uploads\/2025\/03\/florence-2976607_1280.webp 853w, https:\/\/360rentals.it\/wp-content\/uploads\/2025\/03\/florence-2976607_1280-200x300.webp 200w, https:\/\/360rentals.it\/wp-content\/uploads\/2025\/03\/florence-2976607_1280-682x1024.webp 682w, https:\/\/360rentals.it\/wp-content\/uploads\/2025\/03\/florence-2976607_1280-768x1152.webp 768w\" sizes=\"(max-width: 853px) 100vw, 853px\" \/>\t\t\t\t\t\t\t\t\t\t\t\t\t\t\t<\/div>\n\t\t\t\t<\/div>\n\t\t\t\t\t<\/div>\n\t\t\t\t<\/div>\n\t\t\t\t<\/div>\n\t\t\t\t<\/div>\n\t\t<div class=\"elementor-element elementor-element-2a9e44a7 e-con-full e-flex e-con e-parent\" data-id=\"2a9e44a7\" data-element_type=\"container\">\n\t\t<div class=\"elementor-element elementor-element-70831118 e-con-full e-flex e-con e-child\" data-id=\"70831118\" data-element_type=\"container\">\n\t\t\t\t<div class=\"elementor-element elementor-element-25d4638b elementor-widget-divider--view-line elementor-invisible elementor-widget elementor-widget-divider\" data-id=\"25d4638b\" data-element_type=\"widget\" data-settings=\"{&quot;_animation&quot;:&quot;fadeInLeft&quot;}\" data-widget_type=\"divider.default\">\n\t\t\t\t<div class=\"elementor-widget-container\">\n\t\t\t\t\t\t\t<div class=\"elementor-divider\">\n\t\t\t<span class=\"elementor-divider-separator\">\n\t\t\t\t\t\t<\/span>\n\t\t<\/div>\n\t\t\t\t\t\t<\/div>\n\t\t\t\t<\/div>\n\t\t\t\t<div class=\"elementor-element elementor-element-e651ff6 elementor-widget-tablet__width-inherit elementor-widget elementor-widget-heading\" data-id=\"e651ff6\" data-element_type=\"widget\" data-widget_type=\"heading.default\">\n\t\t\t\t<div class=\"elementor-widget-container\">\n\t\t\t\t\t<h2 class=\"elementor-heading-title elementor-size-default\">Nuestra Historia<\/h2>\t\t\t\t<\/div>\n\t\t\t\t<\/div>\n\t\t\t\t<div class=\"elementor-element elementor-element-a5dc8bc elementor-widget elementor-widget-text-editor\" data-id=\"a5dc8bc\" data-element_type=\"widget\" data-widget_type=\"text-editor.default\">\n\t\t\t\t<div class=\"elementor-widget-container\">\n\t\t\t\t\t\t\t\t\t360 Rentals naci\u00f3 de la idea de entrelazar la gesti\u00f3n de propiedades, los servicios de hospitalidad local y la oferta en l\u00ednea. Ofreciendo as\u00ed mayores garant\u00edas a los propietarios de casas y tranquilidad a los viajeros. De igual manera, ha permitido que los profesionales locales trabajen.\t\t\t\t\t\t\t\t<\/div>\n\t\t\t\t<\/div>\n\t\t\t\t<div class=\"elementor-element elementor-element-773db17 elementor-widget elementor-widget-text-editor\" data-id=\"773db17\" data-element_type=\"widget\" data-widget_type=\"text-editor.default\">\n\t\t\t\t<div class=\"elementor-widget-container\">\n\t\t\t\t\t\t\t\t\tEn 2014, Florencia reuni\u00f3 a Nycolas Martin, un canadiense de la industria hotelera, y a Andrea Frua De Angeli, italoamericano responsable de la postproducci\u00f3n de televisi\u00f3n. Mientras el mercado de alquileres temporales se desarrollaba en Italia, crecieron juntos y se establecieron en la gesti\u00f3n de apartamentos y B&amp;B en Florencia.\t\t\t\t\t\t\t\t<\/div>\n\t\t\t\t<\/div>\n\t\t\t\t<div class=\"elementor-element elementor-element-6c08eae elementor-widget elementor-widget-text-editor\" data-id=\"6c08eae\" data-element_type=\"widget\" data-widget_type=\"text-editor.default\">\n\t\t\t\t<div class=\"elementor-widget-container\">\n\t\t\t\t\t\t\t\t\tSu intuici\u00f3n empresarial era mantener intactos sus valores fundamentales y entrelazar servicios para ayudar a la comunidad a ofrecer soluciones a los problemas.\t\t\t\t\t\t\t\t<\/div>\n\t\t\t\t<\/div>\n\t\t\t\t<div class=\"elementor-element elementor-element-44e561a elementor-widget elementor-widget-heading\" data-id=\"44e561a\" data-element_type=\"widget\" data-widget_type=\"heading.default\">\n\t\t\t\t<div class=\"elementor-widget-container\">\n\t\t\t\t\t<h3 class=\"elementor-heading-title elementor-size-default\">360 Rentals cierra el c\u00edrculo junto a sus hu\u00e9spedes y propietarios!<br> <br><\/h3>\t\t\t\t<\/div>\n\t\t\t\t<\/div>\n\t\t\t\t<\/div>\n\t\t\t\t<\/div>\n\t\t<div class=\"elementor-element elementor-element-494205c5 e-flex e-con-boxed e-con e-parent\" data-id=\"494205c5\" data-element_type=\"container\">\n\t\t\t\t\t<div class=\"e-con-inner\">\n\t\t\t\t<div class=\"elementor-element elementor-element-2f67632 elementor-widget-divider--view-line elementor-widget elementor-widget-divider\" data-id=\"2f67632\" data-element_type=\"widget\" data-widget_type=\"divider.default\">\n\t\t\t\t<div class=\"elementor-widget-container\">\n\t\t\t\t\t\t\t<div class=\"elementor-divider\">\n\t\t\t<span class=\"elementor-divider-separator\">\n\t\t\t\t\t\t<\/span>\n\t\t<\/div>\n\t\t\t\t\t\t<\/div>\n\t\t\t\t<\/div>\n\t\t\t\t<div class=\"elementor-element elementor-element-6afab511 elementor-widget elementor-widget-heading\" data-id=\"6afab511\" data-element_type=\"widget\" data-widget_type=\"heading.default\">\n\t\t\t\t<div class=\"elementor-widget-container\">\n\t\t\t\t\t<h2 class=\"elementor-heading-title elementor-size-default\">Equipo<\/h2>\t\t\t\t<\/div>\n\t\t\t\t<\/div>\n\t\t\t\t<div class=\"elementor-element elementor-element-2387401 animated-slow elementor-invisible elementor-widget elementor-widget-image\" data-id=\"2387401\" data-element_type=\"widget\" data-settings=\"{&quot;motion_fx_motion_fx_mouse&quot;:&quot;yes&quot;,&quot;_animation&quot;:&quot;fadeIn&quot;}\" data-widget_type=\"image.default\">\n\t\t\t\t<div class=\"elementor-widget-container\">\n\t\t\t\t\t\t\t\t\t\t\t\t\t\t\t<img loading=\"lazy\" decoding=\"async\" width=\"2560\" height=\"2086\" src=\"https:\/\/360rentals.it\/wp-content\/uploads\/2025\/03\/ufficialairbnb-scaled-1.webp\" class=\"attachment-full size-full wp-image-1261\" alt=\"\" srcset=\"https:\/\/360rentals.it\/wp-content\/uploads\/2025\/03\/ufficialairbnb-scaled-1.webp 2560w, https:\/\/360rentals.it\/wp-content\/uploads\/2025\/03\/ufficialairbnb-scaled-1-300x244.webp 300w, https:\/\/360rentals.it\/wp-content\/uploads\/2025\/03\/ufficialairbnb-scaled-1-1024x834.webp 1024w, https:\/\/360rentals.it\/wp-content\/uploads\/2025\/03\/ufficialairbnb-scaled-1-768x626.webp 768w, https:\/\/360rentals.it\/wp-content\/uploads\/2025\/03\/ufficialairbnb-scaled-1-1536x1252.webp 1536w, https:\/\/360rentals.it\/wp-content\/uploads\/2025\/03\/ufficialairbnb-scaled-1-2048x1669.webp 2048w\" sizes=\"(max-width: 2560px) 100vw, 2560px\" \/>\t\t\t\t\t\t\t\t\t\t\t\t\t\t\t<\/div>\n\t\t\t\t<\/div>\n\t\t\t\t<div class=\"elementor-element elementor-element-d1ee705 elementor-widget elementor-widget-heading\" data-id=\"d1ee705\" data-element_type=\"widget\" data-widget_type=\"heading.default\">\n\t\t\t\t<div class=\"elementor-widget-container\">\n\t\t\t\t\t<h2 class=\"elementor-heading-title elementor-size-default\">Nycolas e Andrea<\/h2>\t\t\t\t<\/div>\n\t\t\t\t<\/div>\n\t\t\t\t<div class=\"elementor-element elementor-element-a095c06 elementor-widget-divider--view-line elementor-widget elementor-widget-divider\" data-id=\"a095c06\" data-element_type=\"widget\" data-widget_type=\"divider.default\">\n\t\t\t\t<div class=\"elementor-widget-container\">\n\t\t\t\t\t\t\t<div class=\"elementor-divider\">\n\t\t\t<span class=\"elementor-divider-separator\">\n\t\t\t\t\t\t<\/span>\n\t\t<\/div>\n\t\t\t\t\t\t<\/div>\n\t\t\t\t<\/div>\n\t\t\t\t\t<\/div>\n\t\t\t\t<\/div>\n\t\t\t\t<\/div>\n\t\t","protected":false},"excerpt":{"rendered":"<p>Experiencias Aut\u00e9nticas Desde hace m\u00e1s de 10 a\u00f1os Nuestra Historia 360 Rentals naci\u00f3 de la idea de entrelazar la gesti\u00f3n de propiedades, los servicios de hospitalidad local y la oferta en l\u00ednea. Ofreciendo as\u00ed mayores garant\u00edas a los propietarios de casas y tranquilidad a los viajeros. De igual manera, ha permitido que los profesionales locales [&hellip;]<\/p>\n","protected":false},"author":1,"featured_media":0,"parent":0,"menu_order":0,"comment_status":"closed","ping_status":"closed","template":"","meta":{"inline_featured_image":false,"footnotes":""},"class_list":["post-1365","page","type-page","status-publish","hentry"],"_links":{"self":[{"href":"https:\/\/360rentals.it\/es\/wp-json\/wp\/v2\/pages\/1365","targetHints":{"allow":["GET"]}}],"collection":[{"href":"https:\/\/360rentals.it\/es\/wp-json\/wp\/v2\/pages"}],"about":[{"href":"https:\/\/360rentals.it\/es\/wp-json\/wp\/v2\/types\/page"}],"author":[{"embeddable":true,"href":"https:\/\/360rentals.it\/es\/wp-json\/wp\/v2\/users\/1"}],"replies":[{"embeddable":true,"href":"https:\/\/360rentals.it\/es\/wp-json\/wp\/v2\/comments?post=1365"}],"version-history":[{"count":1,"href":"https:\/\/360rentals.it\/es\/wp-json\/wp\/v2\/pages\/1365\/revisions"}],"predecessor-version":[{"id":1366,"href":"https:\/\/360rentals.it\/es\/wp-json\/wp\/v2\/pages\/1365\/revisions\/1366"}],"wp:attachment":[{"href":"https:\/\/360rentals.it\/es\/wp-json\/wp\/v2\/media?parent=1365"}],"curies":[{"name":"wp","href":"https:\/\/api.w.org\/{rel}","templated":true}]}}