{"id":1376,"date":"2025-03-25T10:11:34","date_gmt":"2025-03-25T09:11:34","guid":{"rendered":"https:\/\/newsite.360rentals.it\/eigentuemer\/"},"modified":"2025-04-04T22:47:18","modified_gmt":"2025-04-04T21:47:18","slug":"eigentuemer","status":"publish","type":"page","link":"https:\/\/360rentals.it\/de\/eigentuemer\/","title":{"rendered":"Eigent\u00fcmer"},"content":{"rendered":"\t\t<div data-elementor-type=\"wp-page\" data-elementor-id=\"1376\" class=\"elementor elementor-1376 elementor-884\" data-elementor-post-type=\"page\">\n\t\t\t\t<div class=\"elementor-element elementor-element-78956c70 e-flex e-con-boxed e-con e-parent\" data-id=\"78956c70\" data-element_type=\"container\" data-settings=\"{&quot;background_background&quot;:&quot;classic&quot;,&quot;background_motion_fx_motion_fx_scrolling&quot;:&quot;yes&quot;,&quot;background_motion_fx_translateY_effect&quot;:&quot;yes&quot;,&quot;background_motion_fx_translateY_speed&quot;:{&quot;unit&quot;:&quot;px&quot;,&quot;size&quot;:1,&quot;sizes&quot;:[]},&quot;background_motion_fx_translateY_affectedRange&quot;:{&quot;unit&quot;:&quot;%&quot;,&quot;size&quot;:&quot;&quot;,&quot;sizes&quot;:{&quot;start&quot;:0,&quot;end&quot;:100}},&quot;background_motion_fx_devices&quot;:[&quot;desktop&quot;,&quot;tablet&quot;,&quot;mobile&quot;]}\">\n\t\t\t\t\t<div class=\"e-con-inner\">\n\t\t\t\t<div class=\"elementor-element elementor-element-73bb4de elementor-invisible elementor-widget elementor-widget-heading\" data-id=\"73bb4de\" data-element_type=\"widget\" data-settings=\"{&quot;_animation&quot;:&quot;fadeInUp&quot;}\" data-widget_type=\"heading.default\">\n\t\t\t\t<div class=\"elementor-widget-container\">\n\t\t\t\t\t<h1 class=\"elementor-heading-title elementor-size-default\">Sind Sie Eigent\u00fcmer?<\/h1>\t\t\t\t<\/div>\n\t\t\t\t<\/div>\n\t\t\t\t<div class=\"elementor-element elementor-element-70aecf73 elementor-widget__width-auto elementor-invisible elementor-widget elementor-widget-heading\" data-id=\"70aecf73\" data-element_type=\"widget\" data-settings=\"{&quot;_animation&quot;:&quot;fadeIn&quot;,&quot;_animation_delay&quot;:300}\" data-widget_type=\"heading.default\">\n\t\t\t\t<div class=\"elementor-widget-container\">\n\t\t\t\t\t<h6 class=\"elementor-heading-title elementor-size-default\">M\u00f6glichkeiten f\u00fcr touristische<\/h6>\t\t\t\t<\/div>\n\t\t\t\t<\/div>\n\t\t\t\t\t<\/div>\n\t\t\t\t<\/div>\n\t\t<div class=\"elementor-element elementor-element-555d74c8 e-con-full e-flex e-con e-parent\" data-id=\"555d74c8\" data-element_type=\"container\" data-settings=\"{&quot;background_background&quot;:&quot;classic&quot;,&quot;background_motion_fx_motion_fx_scrolling&quot;:&quot;yes&quot;,&quot;background_motion_fx_translateY_effect&quot;:&quot;yes&quot;,&quot;background_motion_fx_translateY_speed&quot;:{&quot;unit&quot;:&quot;px&quot;,&quot;size&quot;:5,&quot;sizes&quot;:[]},&quot;background_motion_fx_translateY_affectedRange&quot;:{&quot;unit&quot;:&quot;%&quot;,&quot;size&quot;:&quot;&quot;,&quot;sizes&quot;:{&quot;start&quot;:0,&quot;end&quot;:100}},&quot;background_motion_fx_devices&quot;:[&quot;desktop&quot;,&quot;tablet&quot;,&quot;mobile&quot;]}\">\n\t\t\t\t<div class=\"elementor-element elementor-element-467054b elementor-widget elementor-widget-text-editor\" data-id=\"467054b\" data-element_type=\"widget\" data-widget_type=\"text-editor.default\">\n\t\t\t\t<div class=\"elementor-widget-container\">\n\t\t\t\t\t\t\t\t\t<p>Vermietungen Der Tourismussektor hat <strong>neue M\u00f6glichkeiten<\/strong> in der au\u00dferhotellichen Gastfreundschaft geschaffen, es gibt jedoch auch viele neue regulatorische Entwicklungen zu ber\u00fccksichtigen, die verschiedene m\u00f6gliche Szenarien schaffen: eine R\u00fcckkehr zur klassischen Vermietung an Privatpersonen, Vermietung an Unternehmen der Branche oder die M\u00f6glichkeit, <strong>Unternehmer <\/strong>seiner selbst zu sein.<\/p>\t\t\t\t\t\t\t\t<\/div>\n\t\t\t\t<\/div>\n\t\t\t\t<\/div>\n\t\t<div class=\"elementor-element elementor-element-631a18e1 e-con-full e-flex e-con e-parent\" data-id=\"631a18e1\" data-element_type=\"container\">\n\t\t<div class=\"elementor-element elementor-element-1b0dad06 e-con-full e-flex e-con e-child\" data-id=\"1b0dad06\" data-element_type=\"container\" data-settings=\"{&quot;background_background&quot;:&quot;classic&quot;,&quot;background_motion_fx_motion_fx_scrolling&quot;:&quot;yes&quot;,&quot;background_motion_fx_translateX_effect&quot;:&quot;yes&quot;,&quot;background_motion_fx_translateX_speed&quot;:{&quot;unit&quot;:&quot;px&quot;,&quot;size&quot;:2,&quot;sizes&quot;:[]},&quot;background_motion_fx_translateX_affectedRange&quot;:{&quot;unit&quot;:&quot;%&quot;,&quot;size&quot;:&quot;&quot;,&quot;sizes&quot;:{&quot;start&quot;:0,&quot;end&quot;:100}},&quot;background_motion_fx_devices&quot;:[&quot;desktop&quot;,&quot;tablet&quot;,&quot;mobile&quot;]}\">\n\t\t\t\t<\/div>\n\t\t<div class=\"elementor-element elementor-element-54de25bf e-con-full e-flex e-con e-child\" data-id=\"54de25bf\" data-element_type=\"container\">\n\t\t\t\t<div class=\"elementor-element elementor-element-334138f3 elementor-widget elementor-widget-icon-box\" data-id=\"334138f3\" data-element_type=\"widget\" data-widget_type=\"icon-box.default\">\n\t\t\t\t<div class=\"elementor-widget-container\">\n\t\t\t\t\t\t\t<div class=\"elementor-icon-box-wrapper\">\n\n\t\t\t\n\t\t\t\t\t\t<div class=\"elementor-icon-box-content\">\n\n\t\t\t\t\t\t\t\t\t<h3 class=\"elementor-icon-box-title\">\n\t\t\t\t\t\t<span  >\n\t\t\t\t\t\t\t<b>360 Rentals<\/b> wird Ihnen helfen, die <b>richtige Entscheidung<\/b> basierend auf Ihren Bed\u00fcrfnissen zu treffen, <b>indem wir Sie Schritt f\u00fcr Schritt<\/b> dabei unterst\u00fctzen.\t\t\t\t\t\t<\/span>\n\t\t\t\t\t<\/h3>\n\t\t\t\t\n\t\t\t\t\n\t\t\t<\/div>\n\t\t\t\n\t\t<\/div>\n\t\t\t\t\t\t<\/div>\n\t\t\t\t<\/div>\n\t\t\t\t<\/div>\n\t\t\t\t<\/div>\n\t\t<div class=\"elementor-element elementor-element-8589cd8 e-con-full e-flex e-con e-parent\" data-id=\"8589cd8\" data-element_type=\"container\">\n\t\t<div class=\"elementor-element elementor-element-2def21ec e-con-full e-flex e-con e-child\" data-id=\"2def21ec\" data-element_type=\"container\">\n\t\t\t\t<div class=\"elementor-element elementor-element-94ad837 elementor-invisible elementor-widget elementor-widget-heading\" data-id=\"94ad837\" data-element_type=\"widget\" data-settings=\"{&quot;_animation&quot;:&quot;fadeIn&quot;}\" data-widget_type=\"heading.default\">\n\t\t\t\t<div class=\"elementor-widget-container\">\n\t\t\t\t\t<h6 class=\"elementor-heading-title elementor-size-default\">Dienstleistungen und Know-how<\/h6>\t\t\t\t<\/div>\n\t\t\t\t<\/div>\n\t\t\t\t<div class=\"elementor-element elementor-element-5c4b98e3 elementor-invisible elementor-widget elementor-widget-heading\" data-id=\"5c4b98e3\" data-element_type=\"widget\" data-settings=\"{&quot;_animation&quot;:&quot;fadeIn&quot;,&quot;_animation_delay&quot;:300}\" data-widget_type=\"heading.default\">\n\t\t\t\t<div class=\"elementor-widget-container\">\n\t\t\t\t\t<h2 class=\"elementor-heading-title elementor-size-default\">Was wir bieten<\/h2>\t\t\t\t<\/div>\n\t\t\t\t<\/div>\n\t\t\t\t<div class=\"elementor-element elementor-element-243b5cfb elementor-invisible elementor-widget elementor-widget-text-editor\" data-id=\"243b5cfb\" data-element_type=\"widget\" data-settings=\"{&quot;_animation&quot;:&quot;fadeIn&quot;,&quot;_animation_delay&quot;:650}\" data-widget_type=\"text-editor.default\">\n\t\t\t\t<div class=\"elementor-widget-container\">\n\t\t\t\t\t\t\t\t\t<p>Wir bieten <strong>personalisierte Beratung und Schulung<\/strong> f\u00fcr Eigent\u00fcmer oder kleine Unternehmer, die eine Einrichtung starten oder ihr Potenzial optimieren wollen.<br><br>Wir f\u00fchren Sie zu den besten Portalen und Channel Managern, die Sie verwenden sollten.<\/p>\t\t\t\t\t\t\t\t<\/div>\n\t\t\t\t<\/div>\n\t\t\t\t<div class=\"elementor-element elementor-element-1893ad2 elementor-invisible elementor-widget elementor-widget-heading\" data-id=\"1893ad2\" data-element_type=\"widget\" data-settings=\"{&quot;_animation&quot;:&quot;fadeIn&quot;,&quot;_animation_delay&quot;:300}\" data-widget_type=\"heading.default\">\n\t\t\t\t<div class=\"elementor-widget-container\">\n\t\t\t\t\t<h3 class=\"elementor-heading-title elementor-size-default\">Warum uns vertrauen?<\/h3>\t\t\t\t<\/div>\n\t\t\t\t<\/div>\n\t\t\t\t<div class=\"elementor-element elementor-element-aadd13a elementor-invisible elementor-widget elementor-widget-text-editor\" data-id=\"aadd13a\" data-element_type=\"widget\" data-settings=\"{&quot;_animation&quot;:&quot;fadeIn&quot;,&quot;_animation_delay&quot;:650}\" data-widget_type=\"text-editor.default\">\n\t\t\t\t<div class=\"elementor-widget-container\">\n\t\t\t\t\t\t\t\t\t<b>Wir sind Experten im Revenue Management<\/b>, daher maximieren wir das Potenzial Ihrer Immobilie jederzeit und verf\u00fcgen \u00fcber eine Gruppe von Fachleuten, um Ihre Einrichtung in <b>bestem Zustand<\/b> zu halten.\t\t\t\t\t\t\t\t<\/div>\n\t\t\t\t<\/div>\n\t\t\t\t<\/div>\n\t\t<div class=\"elementor-element elementor-element-36dcbada e-con-full e-flex e-con e-child\" data-id=\"36dcbada\" data-element_type=\"container\">\n\t\t\t\t<div class=\"elementor-element elementor-element-4d312929 elementor-widget__width-initial animated-slow elementor-invisible elementor-widget elementor-widget-image\" data-id=\"4d312929\" data-element_type=\"widget\" data-settings=\"{&quot;_animation&quot;:&quot;fadeInDown&quot;}\" data-widget_type=\"image.default\">\n\t\t\t\t<div class=\"elementor-widget-container\">\n\t\t\t\t\t\t\t\t\t\t\t\t\t\t\t<img fetchpriority=\"high\" fetchpriority=\"high\" decoding=\"async\" width=\"2329\" height=\"1536\" src=\"https:\/\/360rentals.it\/wp-content\/uploads\/2025\/03\/san_jacopo_deluxe_19.webp\" class=\"attachment-full size-full wp-image-1180\" alt=\"\" srcset=\"https:\/\/360rentals.it\/wp-content\/uploads\/2025\/03\/san_jacopo_deluxe_19.webp 2329w, https:\/\/360rentals.it\/wp-content\/uploads\/2025\/03\/san_jacopo_deluxe_19-300x198.webp 300w, https:\/\/360rentals.it\/wp-content\/uploads\/2025\/03\/san_jacopo_deluxe_19-1024x675.webp 1024w, https:\/\/360rentals.it\/wp-content\/uploads\/2025\/03\/san_jacopo_deluxe_19-768x507.webp 768w, https:\/\/360rentals.it\/wp-content\/uploads\/2025\/03\/san_jacopo_deluxe_19-1536x1013.webp 1536w, https:\/\/360rentals.it\/wp-content\/uploads\/2025\/03\/san_jacopo_deluxe_19-2048x1351.webp 2048w\" sizes=\"(max-width: 2329px) 100vw, 2329px\" \/>\t\t\t\t\t\t\t\t\t\t\t\t\t\t\t<\/div>\n\t\t\t\t<\/div>\n\t\t\t\t<div class=\"elementor-element elementor-element-72a3495d elementor-widget__width-initial elementor-widget-mobile__width-initial animated-slow elementor-invisible elementor-widget elementor-widget-image\" data-id=\"72a3495d\" data-element_type=\"widget\" data-settings=\"{&quot;_animation&quot;:&quot;fadeInRight&quot;}\" data-widget_type=\"image.default\">\n\t\t\t\t<div class=\"elementor-widget-container\">\n\t\t\t\t\t\t\t\t\t\t\t\t\t\t\t<img decoding=\"async\" width=\"1920\" height=\"1293\" src=\"https:\/\/360rentals.it\/wp-content\/uploads\/2025\/03\/horseman-7296229_1920.webp\" class=\"attachment-full size-full wp-image-1112\" alt=\"\" srcset=\"https:\/\/360rentals.it\/wp-content\/uploads\/2025\/03\/horseman-7296229_1920.webp 1920w, https:\/\/360rentals.it\/wp-content\/uploads\/2025\/03\/horseman-7296229_1920-300x202.webp 300w, https:\/\/360rentals.it\/wp-content\/uploads\/2025\/03\/horseman-7296229_1920-1024x690.webp 1024w, https:\/\/360rentals.it\/wp-content\/uploads\/2025\/03\/horseman-7296229_1920-768x517.webp 768w, https:\/\/360rentals.it\/wp-content\/uploads\/2025\/03\/horseman-7296229_1920-1536x1034.webp 1536w\" sizes=\"(max-width: 1920px) 100vw, 1920px\" \/>\t\t\t\t\t\t\t\t\t\t\t\t\t\t\t<\/div>\n\t\t\t\t<\/div>\n\t\t\t\t<\/div>\n\t\t\t\t<\/div>\n\t\t\t\t<\/div>\n\t\t","protected":false},"excerpt":{"rendered":"<p>Sind Sie Eigent\u00fcmer? M\u00f6glichkeiten f\u00fcr touristische Vermietungen Der Tourismussektor hat neue M\u00f6glichkeiten in der au\u00dferhotellichen Gastfreundschaft geschaffen, es gibt jedoch auch viele neue regulatorische Entwicklungen zu ber\u00fccksichtigen, die verschiedene m\u00f6gliche Szenarien schaffen: eine R\u00fcckkehr zur klassischen Vermietung an Privatpersonen, Vermietung an Unternehmen der Branche oder die M\u00f6glichkeit, Unternehmer seiner selbst zu sein. 360 Rentals wird [&hellip;]<\/p>\n","protected":false},"author":1,"featured_media":0,"parent":0,"menu_order":0,"comment_status":"closed","ping_status":"closed","template":"elementor_header_footer","meta":{"inline_featured_image":false,"footnotes":""},"class_list":["post-1376","page","type-page","status-publish","hentry"],"_links":{"self":[{"href":"https:\/\/360rentals.it\/de\/wp-json\/wp\/v2\/pages\/1376","targetHints":{"allow":["GET"]}}],"collection":[{"href":"https:\/\/360rentals.it\/de\/wp-json\/wp\/v2\/pages"}],"about":[{"href":"https:\/\/360rentals.it\/de\/wp-json\/wp\/v2\/types\/page"}],"author":[{"embeddable":true,"href":"https:\/\/360rentals.it\/de\/wp-json\/wp\/v2\/users\/1"}],"replies":[{"embeddable":true,"href":"https:\/\/360rentals.it\/de\/wp-json\/wp\/v2\/comments?post=1376"}],"version-history":[{"count":1,"href":"https:\/\/360rentals.it\/de\/wp-json\/wp\/v2\/pages\/1376\/revisions"}],"predecessor-version":[{"id":1377,"href":"https:\/\/360rentals.it\/de\/wp-json\/wp\/v2\/pages\/1376\/revisions\/1377"}],"wp:attachment":[{"href":"https:\/\/360rentals.it\/de\/wp-json\/wp\/v2\/media?parent=1376"}],"curies":[{"name":"wp","href":"https:\/\/api.w.org\/{rel}","templated":true}]}}